{"id":6131,"date":"2024-12-29T15:52:10","date_gmt":"2024-12-29T16:52:10","guid":{"rendered":"https:\/\/pipesjournal.shop\/?post_type=product&#038;p=6131"},"modified":"2025-11-28T09:35:31","modified_gmt":"2025-11-28T10:35:31","slug":"lancome-2","status":"publish","type":"product","link":"https:\/\/pipesjournal.shop\/it\/product\/lancome-2\/","title":{"rendered":"LANC\u00d4ME"},"content":{"rendered":"<p>LANC\u00d4ME<\/p>\n<p>TR\u00c9SOR EN OR EAU DE PARFUM &#8211; Eau de Parfum<\/p>\n<p>Recensioni<br \/>\nQuesta \u00e8 la fragranza per momenti preziosi e intimi d\u2019amore.<br \/>\nConsigli d\u2019uso<br \/>\nPer un risultato persistente, vaporizzare il prodotto sulla pelle da una distanza di 20 cm. Vaporizzare preferibilmente sulle aree calde del corpo come l\u2019interno dei polsi e dietro ai lobi delle orecchie oppure dietro alle ginocchia.<br \/>\nDettagli prodotto<br \/>\nPrecauzioni d&#8217;uso:\u00a0Evitare il contatto con occhi, orecchie e mucose.<br \/>\nFormato:\u00a0Liquido<br \/>\n30 ml<\/p>\n<p>\u06af\u0646\u062c\u06cc\u0646\u0647\u200c\u0627\u06cc \u0637\u0644\u0627\u06cc\u06cc \u062f\u0631 \u062f\u0646\u06cc\u0627\u06cc \u0639\u0637\u0631 : \u062a\u062d\u0644\u06cc\u0644 \u062c\u0627\u0645\u0639<br \/>\nLanc\u00f4me Tr\u00e9sor En Or<\/p>\n<p>\u062f\u0631 \u062f\u0646\u06cc\u0627\u06cc \u067e\u0631\u0647\u06cc\u0627\u0647\u0648 \u0648 \u0647\u0645\u06cc\u0634\u0647 \u062f\u0631 \u062d\u0627\u0644 \u062a\u062d\u0648\u0644 \u0639\u0637\u0631 \u060c \u0628\u0631\u0646\u062f\u0647\u0627\u06cc \u0628\u0632\u0631\u06af \u0628\u0631\u0627\u06cc \u0628\u0627\u0642\u06cc \u0645\u0627\u0646\u062f\u0646 \u062f\u0631 \u0635\u062d\u0646\u0647\u060c \u0646\u06cc\u0627\u0632\u0645\u0646\u062f \u062a\u0631\u06a9\u06cc\u0628\u06cc \u0647\u0648\u0634\u0645\u0646\u062f\u0627\u0646\u0647 \u0627\u0632 \u0627\u062d\u062a\u0631\u0627\u0645 \u0628\u0647 \u0645\u06cc\u0631\u0627\u062b \u0648 \u0646\u0648\u0622\u0648\u0631\u06cc \u062f\u0631 \u0632\u0645\u0627\u0646 \u062d\u0627\u0644 \u0647\u0633\u062a\u0646\u062f. \u0628\u0631\u0646\u062f \u0641\u0631\u0627\u0646\u0633\u0648\u06cc \u0644\u0627\u0646\u06a9\u0648\u0645 (Lanc\u00f4me)\u060c \u0627\u0633\u062a\u0627\u062f \u0628\u06cc\u200c\u0628\u062f\u06cc\u0644 \u0627\u06cc\u0646 \u0647\u0646\u0631 \u0627\u0633\u062a. \u0628\u0627 \u0627\u0641\u0633\u0627\u0646\u0647\u200c\u0647\u0627\u06cc\u06cc \u0645\u0627\u0646\u0646\u062f<br \/>\nLa Vie Est Belle \u0648 Tr\u00e9sor\u060c<br \/>\n\u0627\u06cc\u0646 \u0628\u0631\u0646\u062f \u062c\u0627\u06cc\u06af\u0627\u0647\u06cc \u0648\u06cc\u0698\u0647 \u062f\u0631 \u0642\u0644\u0628 \u0639\u0637\u0631\u0634\u0646\u0627\u0633\u0627\u0646 \u0628\u0627\u0632 \u06a9\u0631\u062f\u0647 \u0627\u0633\u062a. \u062f\u0631 \u0627\u06cc\u0646 \u0645\u06cc\u0627\u0646\u060c<br \/>\nLanc\u00f4me Tr\u00e9sor En Or Eau de Parfum<br \/>\n\u06a9\u0647 \u062f\u0631 \u0633\u0627\u0644 \u06f2\u06f0\u06f2\u06f2 \u0628\u0647 \u062f\u0646\u06cc\u0627\u06cc \u0639\u0637\u0631 \u0645\u0639\u0631\u0641\u06cc \u0634\u062f\u060c \u0646\u0647 \u062a\u0646\u0647\u0627 \u06cc\u06a9 \u0639\u0637\u0631 \u062c\u062f\u06cc\u062f\u060c \u0628\u0644\u06a9\u0647 \u0641\u0635\u0644\u06cc \u062f\u0631\u062e\u0634\u0627\u0646 \u0628\u0631 \u062f\u0627\u0633\u062a\u0627\u0646 \u0645\u0648\u0641\u0642 \u06cc\u06a9 \u06a9\u0644\u0627\u0633\u06cc\u06a9 \u0627\u0633\u062a. \u0627\u06cc\u0646 \u0639\u0637\u0631\u060c \u0628\u0627\u0632\u0646\u06af\u0631\u06cc \u0645\u062f\u0631\u0646 \u0648 \u062f\u0631\u062e\u0634\u0627\u0646\u06cc \u0627\u0632 \u06af\u0646\u062c\u06cc\u0646\u0647\u200c\u06cc \u0627\u0635\u06cc\u0644 \u0644\u0627\u0646\u06a9\u0648\u0645 \u0627\u0633\u062a \u06a9\u0647 \u0628\u0631\u0627\u06cc \u0632\u0646 \u0627\u0645\u0631\u0648\u0632\u06cc\u060c \u0644\u062d\u0638\u0627\u062a \u0627\u0631\u0632\u0634\u0645\u0646\u062f\u0634 \u0631\u0627 \u0628\u0647 \u0637\u0644\u0627\u06cc\u06cc\u200c\u062a\u0631\u06cc\u0646 \u0634\u06a9\u0644 \u0645\u0645\u06a9\u0646 \u0645\u06cc\u200c\u0633\u062a\u0627\u06cc\u062f.<\/p>\n<p>\u0646\u06af\u0627\u0647\u06cc \u0628\u0647 \u0645\u06cc\u0631\u0627\u062b \u06cc\u06a9 \u0627\u0641\u0633\u0627\u0646\u0647: \u0627\u0632 Tr\u00e9sor \u06a9\u0644\u0627\u0633\u06cc\u06a9 \u062a\u0627 Tr\u00e9sor En Or<\/p>\n<p>\u0628\u0631\u0627\u06cc \u062f\u0631\u06a9 \u0639\u0645\u0642 Tr\u00e9sor En Or\u060c \u0628\u0627\u06cc\u062f \u0628\u0647 \u0631\u06cc\u0634\u0647\u200c\u0647\u0627\u06cc \u0622\u0646 \u0628\u0627\u0632\u06af\u0631\u062f\u06cc\u0645. \u0639\u0637\u0631 \u0627\u0635\u0644\u06cc Tr\u00e9sor \u062f\u0631 \u0633\u0627\u0644 \u06f1\u06f9\u06f9\u06f0 \u062a\u0648\u0633\u0637 \u0639\u0637\u0631\u0633\u0627\u0632 \u0627\u0641\u0633\u0627\u0646\u0647\u200c\u0627\u06cc\u060c \u0633\u0648\u0641\u06cc \u06af\u0631\u0648\u06cc\u0633\u0645\u0646 (Sophie Grojsman)\u060c \u062e\u0644\u0642 \u0634\u062f. \u0627\u06cc\u0646 \u0639\u0637\u0631 \u0628\u0627 \u0631\u0627\u06cc\u062d\u0647\u200c\u06cc \u06af\u0644\u062f\u0627\u0646\u06cc-\u067e\u0648\u062f\u0631\u06cc \u0648 \u0645\u06cc\u0648\u0647\u200c\u0627\u06cc \u062e\u0648\u062f\u060c \u06a9\u0647 \u062f\u0631 \u0622\u0646 \u0647\u0644\u0648\u060c \u06af\u0644 \u0631\u0632 \u0648 \u06cc\u0627\u0633 \u0628\u0647 \u0634\u06a9\u0644\u06cc \u0628\u0627\u0634\u06a9\u0648\u0647 \u062f\u0631 \u0647\u0645 \u0622\u0645\u06cc\u062e\u062a\u0647 \u0628\u0648\u062f\u0646\u062f\u060c \u0646\u0645\u0627\u062f \u0639\u0634\u0642 \u0648 \u0632\u0646\u0627\u0646\u06af\u06cc \u062f\u0631 \u062f\u0647\u0647\u200c\u06cc \u0646\u0648\u062f \u0645\u06cc\u0644\u0627\u062f\u06cc \u0634\u062f. Tr\u00e9sor \u0628\u0647 \u0645\u0639\u0646\u0627\u06cc \u0648\u0627\u0642\u0639\u06cc \u06a9\u0644\u0645\u0647\u060c \u06cc\u06a9 &#8220;\u06af\u0646\u062c\u06cc\u0646\u0647&#8221; \u0628\u0648\u062f\u061b \u0628\u0648\u06cc \u067e\u06cc\u0686\u06cc\u062f\u0647\u200c\u0627\u06cc \u06a9\u0647 \u062d\u0633 \u06af\u0631\u0645\u0627\u060c \u0635\u0645\u06cc\u0645\u06cc\u062a \u0648 \u0627\u0628\u062f\u06cc\u062a \u0631\u0627 \u0627\u0644\u0642\u0627 \u0645\u06cc\u200c\u06a9\u0631\u062f.<\/p>\n<p>Tr\u00e9sor En Or<br \/>\n\u0642\u0635\u062f \u0646\u062f\u0627\u0631\u062f \u062c\u0627\u06cc\u06af\u0632\u06cc\u0646 \u0627\u06cc\u0646 \u06a9\u0644\u0627\u0633\u06cc\u06a9 \u0634\u0648\u062f\u060c \u0628\u0644\u06a9\u0647 \u0645\u06cc\u200c\u062e\u0648\u0627\u0647\u062f \u0631\u0648\u062d \u0622\u0646 \u0631\u0627 \u0628\u0627 \u0646\u06af\u0627\u0647\u06cc \u0627\u0645\u0631\u0648\u0632\u06cc \u0648 \u062f\u0631\u062e\u0634\u0627\u0646\u200c\u062a\u0631 \u0628\u0627\u0632\u0622\u0641\u0631\u06cc\u0646\u06cc \u06a9\u0646\u062f. \u0627\u06cc\u0646 \u0639\u0637\u0631\u060c \u0646\u0633\u062e\u0647\u200c\u0627\u06cc &#8220;\u062e\u0648\u0631\u0634\u06cc\u062f\u06cc&#8221; \u0648 &#8220;\u0637\u0644\u0627\u06cc\u06cc&#8221; \u0627\u0632 Tr\u00e9sor \u0627\u0635\u0644\u06cc \u0627\u0633\u062a\u061b \u0646\u0633\u062e\u0647\u200c\u0627\u06cc \u06a9\u0647 \u0647\u0645\u0686\u0646\u0627\u0646 \u0628\u0647 \u0647\u0633\u062a\u0647\u200c\u06cc \u06af\u0644\u062f\u0627\u0646\u06cc \u062e\u0648\u062f \u0648\u0641\u0627\u062f\u0627\u0631 \u0627\u0633\u062a\u060c \u0627\u0645\u0627 \u0628\u0627 \u0644\u0627\u06cc\u0647\u200c\u0647\u0627\u06cc\u06cc \u0627\u0632 \u0627\u0646\u0631\u0698\u06cc \u0648 \u062f\u0631\u062e\u0634\u0634 \u0645\u062f\u0631\u0646 \u067e\u0648\u0634\u0627\u0646\u062f\u0647 \u0634\u062f\u0647 \u0627\u0633\u062a. \u0627\u06cc\u0646 \u06cc\u06a9 \u0627\u0633\u062a\u0631\u0627\u062a\u0698\u06cc \u0647\u0648\u0634\u0645\u0646\u062f\u0627\u0646\u0647 \u0627\u0632 \u0633\u0648\u06cc \u0644\u0627\u0646\u06a9\u0648\u0645 \u0628\u0631\u0627\u06cc \u062c\u0630\u0628 \u0646\u0633\u0644 \u062c\u062f\u06cc\u062f\u06cc \u0627\u0632 \u0639\u0637\u0631\u067e\u0633\u0646\u062f\u0627\u0646 \u0627\u0633\u062a \u06a9\u0647 \u0628\u0647 \u062f\u0646\u0628\u0627\u0644 \u0631\u0627\u06cc\u062d\u0647\u200c\u0647\u0627\u06cc\u06cc \u0622\u0634\u0646\u0627 \u0627\u0645\u0627 \u062f\u0631 \u0639\u06cc\u0646 \u062d\u0627\u0644 \u062a\u0627\u0632\u0647 \u0648 \u0647\u06cc\u062c\u0627\u0646\u200c\u0627\u0646\u06af\u06cc\u0632 \u0647\u0633\u062a\u0646\u062f.<\/p>\n<p>\u0627\u0644\u0647\u0627\u0645 \u0648 \u0645\u0641\u0647\u0648\u0645: \u062f\u0631\u062e\u0634\u0634 \u0644\u062d\u0638\u0627\u062a \u06af\u0631\u0627\u0646\u0628\u0647\u0627<\/p>\n<p>\u0647\u0645\u0627\u0646\u0637\u0648\u0631 \u06a9\u0647 \u062f\u0631 \u062a\u0648\u0636\u06cc\u062d\u0627\u062a \u0645\u062d\u0635\u0648\u0644 \u0628\u0647 \u0632\u0628\u0627\u0646 \u0627\u06cc\u062a\u0627\u0644\u06cc\u0627\u06cc\u06cc \u0622\u0645\u062f\u0647 \u0627\u0633\u062a\u060c \u0627\u06cc\u0646 \u0639\u0637\u0631 \u0628\u0631\u0627\u06cc<br \/>\n&#8220;momenti preziosi e intimi d&#8217;amore&#8221;<br \/>\n(\u0644\u062d\u0638\u0627\u062a \u0627\u0631\u0632\u0634\u0645\u0646\u062f \u0648 \u0635\u0645\u06cc\u0645\u06cc \u0639\u0634\u0642) \u062e\u0644\u0642 \u0634\u062f\u0647. \u0646\u0627\u0645 &#8220;En Or&#8221; \u0628\u0647 \u0645\u0639\u0646\u0627\u06cc &#8220;\u0637\u0644\u0627\u06cc\u06cc&#8221;\u060c \u06a9\u0644\u06cc\u062f \u062f\u0631\u06a9 \u0634\u062e\u0635\u06cc\u062a \u0627\u06cc\u0646 \u0639\u0637\u0631 \u0627\u0633\u062a. \u0637\u0644\u0627 \u0646\u0645\u0627\u062f \u062f\u0631\u062e\u0634\u0634\u060c \u06af\u0631\u0645\u0627\u060c \u0627\u0631\u0632\u0634 \u0648 \u062c\u0627\u0648\u062f\u0627\u0646\u06af\u06cc \u0627\u0633\u062a. Tr\u00e9sor En Or \u062f\u0642\u06cc\u0642\u0627\u064b \u0647\u0645\u06cc\u0646 \u062d\u0633\u200c\u0647\u0627 \u0631\u0627 \u0628\u0647 \u0647\u0645\u0631\u0627\u0647 \u062f\u0627\u0631\u062f: \u0631\u0627\u06cc\u062d\u0647\u200c\u0627\u06cc \u06af\u0631\u0645 \u0648 \u062f\u0631\u062e\u0634\u0627\u0646 \u06a9\u0647 \u0645\u0627\u0646\u0646\u062f \u06cc\u06a9 \u067e\u0631\u062a\u0648 \u0646\u0648\u0631 \u062e\u0648\u0631\u0634\u06cc\u062f \u0628\u0631 \u067e\u0648\u0633\u062a \u0645\u06cc\u200c\u062a\u0627\u0628\u062f \u0648 \u0647\u0631 \u0644\u062d\u0638\u0647\u200c\u0627\u06cc \u0631\u0627 \u0628\u0647 \u06cc\u06a9 \u062e\u0627\u0637\u0631\u0647\u200c\u06cc \u0627\u0631\u0632\u0634\u0645\u0646\u062f \u062a\u0628\u062f\u06cc\u0644 \u0645\u06cc\u200c\u06a9\u0646\u062f.<\/p>\n<p>\u0627\u06cc\u0646 \u0639\u0637\u0631 \u062a\u0648\u0633\u0637 \u062f\u0648 \u0639\u0637\u0631\u0633\u0627\u0632 \u0628\u0631\u062c\u0633\u062a\u0647\u060c \u0622\u0646\u0647 \u0641\u0644\u0645\u0646 (Anne Flament) \u0648 \u067e\u0631\u0648\u0646 \u0644\u0627\u06a9\u0631\u0648\u0627 (Prune Lacroix)\u060c \u062f\u0631 \u06a9\u0627\u0631\u062e\u0627\u0646\u0647\u200c\u06cc \u0639\u0637\u0631\u0633\u0627\u0632\u06cc Firmenich \u062e\u0644\u0642 \u0634\u062f\u0647 \u0627\u0633\u062a. \u0622\u0646\u200c\u0647\u0627 \u0628\u0627 \u0627\u0644\u0647\u0627\u0645 \u0627\u0632 \u062f\u0631\u062e\u0634\u0634 \u06cc\u06a9 \u0631\u0648\u0632 \u0622\u0641\u062a\u0627\u0628\u06cc \u0648 \u062d\u0633 \u0634\u0627\u062f\u06cc \u0645\u062d\u0636\u060c \u0628\u0647 \u062f\u0646\u0628\u0627\u0644 \u0633\u0627\u062e\u062a\u0646 \u0639\u0637\u0631\u06cc \u0628\u0648\u062f\u0646\u062f \u06a9\u0647 \u0647\u0645 \u0632\u0646\u0627\u0646\u0647 \u0648 \u0627\u063a\u0648\u0627\u06af\u0631 \u0628\u0627\u0634\u062f \u0648 \u0647\u0645 \u0627\u0646\u0631\u0698\u06cc\u200c\u0628\u062e\u0634 \u0648 \u0645\u062b\u0628\u062a. \u0637\u0631\u0627\u062d\u06cc \u0628\u0637\u0631\u06cc \u0646\u06cc\u0632 \u0627\u06cc\u0646 \u0645\u0641\u0647\u0648\u0645 \u0631\u0627 \u0628\u0647 \u062a\u0635\u0648\u06cc\u0631 \u0645\u06cc\u200c\u06a9\u0634\u062f\u061b \u0634\u06cc\u0634\u0647\u200c\u06cc \u0645\u06a9\u0639\u0628\u06cc \u0648 \u0638\u0631\u06cc\u0641 Tr\u00e9sor \u0628\u0627 \u06cc\u06a9 \u062d\u0644\u0642\u0647\u200c\u06cc \u0637\u0644\u0627\u06cc\u06cc \u062f\u0631\u062e\u0634\u0627\u0646 \u062a\u0632\u0626\u06cc\u0646 \u0634\u062f\u0647 \u0648 \u0645\u0627\u06cc\u0639 \u0635\u0648\u0631\u062a\u06cc-\u0637\u0644\u0627\u06cc\u06cc \u062f\u0631\u0648\u0646 \u0622\u0646\u060c \u0646\u0648\u06cc\u062f\u0628\u062e\u0634 \u0631\u0627\u06cc\u062d\u0647\u200c\u0627\u06cc \u06af\u0631\u0645 \u0648 \u0634\u06cc\u0631\u06cc\u0646 \u0627\u0633\u062a.<\/p>\n<p>\u0633\u0641\u0631 \u0628\u0647 \u062f\u0646\u06cc\u0627\u06cc \u0631\u0627\u06cc\u062d\u0647: \u062a\u062d\u0644\u06cc\u0644 \u0647\u0631\u0645 \u0628\u0648\u06cc\u0627\u06cc\u06cc<\/p>\n<p>\u062a\u062c\u0631\u0628\u0647\u200c\u06cc Tr\u00e9sor En Or \u06cc\u06a9 \u0633\u0641\u0631 \u0633\u0647\u200c\u0628\u0639\u062f\u06cc \u0648 \u0644\u0630\u062a\u200c\u0628\u062e\u0634 \u0627\u0633\u062a \u06a9\u0647 \u0628\u0627 \u0646\u062a\u200c\u0647\u0627\u06cc \u0631\u0648\u0634\u0646 \u0648 \u067e\u0631\u0627\u0646\u0631\u0698\u06cc \u0622\u063a\u0627\u0632 \u0645\u06cc\u200c\u0634\u0648\u062f\u060c \u0628\u0647 \u0642\u0644\u0628\u06cc \u06af\u0644\u062f\u0627\u0646\u06cc \u0648 \u0641\u0631\u06cc\u0628\u0646\u062f\u0647 \u0645\u06cc\u200c\u0631\u0633\u062f \u0648 \u062f\u0631 \u067e\u0627\u06cc\u0627\u0646\u06cc \u06af\u0631\u0645 \u0648 \u0622\u063a\u0634\u062a\u0647 \u0628\u0647 \u0648\u0627\u0646\u06cc\u0644 \u0628\u0647 \u0622\u0631\u0627\u0645\u06cc \u0645\u062d\u0648 \u0645\u06cc\u200c\u0634\u0648\u062f.<\/p>\n<p>* \u0646\u062a\u200c\u0647\u0627\u06cc \u0622\u063a\u0627\u0632\u06cc (Top Notes): \u0647\u0645\u0627\u0646\u0646\u062f \u0637\u0644\u0648\u0639 \u062e\u0648\u0631\u0634\u06cc\u062f\u060c \u0627\u06cc\u0646 \u0639\u0637\u0631 \u0628\u0627 \u062c\u0647\u0634\u06cc \u0627\u0632 \u0627\u0646\u0631\u0698\u06cc \u0648 \u0634\u0627\u062f\u06cc \u0622\u063a\u0627\u0632 \u0645\u06cc\u200c\u0634\u0648\u062f. \u062a\u0631\u0646\u062c (Bergamot) \u0648 \u067e\u0631\u062a\u0642\u0627\u0644 \u0645\u0627\u0646\u062f\u0627\u0631\u06cc\u0646 (Mandan Orange) \u0628\u0627 \u0637\u0631\u0627\u0648\u062a \u0648 \u0645\u0631\u06a9\u0628\u0627\u062a\u06cc \u062e\u0648\u062f\u060c \u0628\u0644\u0627\u0641\u0627\u0635\u0644\u0647 \u0641\u0636\u0627\u06cc\u06cc \u0631\u0648\u0634\u0646 \u0648 \u0633\u0631\u0632\u0646\u062f\u0647 \u0631\u0627 \u0627\u06cc\u062c\u0627\u062f \u0645\u06cc\u200c\u06a9\u0646\u0646\u062f. \u0627\u06cc\u0646 \u062f\u0631\u062e\u0634\u0634 \u0645\u0631\u06a9\u0628\u0627\u062a\u06cc \u0628\u0627 \u06cc\u06a9 \u0644\u0645\u0633 \u0638\u0631\u06cc\u0641 \u0648 \u062a\u0646\u062f \u0627\u0632 \u0641\u0644\u0641\u0644 \u0635\u0648\u0631\u062a\u06cc (Pink Pepper) \u0645\u062a\u0639\u0627\u062f\u0644 \u0645\u06cc\u200c\u0634\u0648\u062f \u06a9\u0647 \u0628\u0647 \u0639\u0637\u0631 \u0639\u0645\u0642 \u0648 \u06a9\u0645\u06cc \u0647\u06cc\u062c\u0627\u0646 \u0645\u062f\u0631\u0646 \u0645\u06cc\u200c\u0628\u062e\u0634\u062f. \u0627\u06cc\u0646 \u062a\u0631\u06a9\u06cc\u0628 \u0627\u0648\u0644\u06cc\u0647\u060c \u06af\u0648\u0627\u0647\u06cc \u0628\u0631 \u062a\u0641\u0627\u0648\u062a \u0627\u06cc\u0646 \u0639\u0637\u0631 \u0628\u0627 \u0646\u0633\u062e\u0647\u200c\u06cc \u0627\u0635\u0644\u06cc \u0648 \u0631\u0648\u06cc\u06a9\u0631\u062f \u062e\u0648\u0631\u0634\u06cc\u062f\u06cc \u0622\u0646 \u0627\u0633\u062a.<\/p>\n<p>* \u0642\u0644\u0628 \u062a\u067e\u0646\u062f\u0647 \u0639\u0637\u0631 (Heart Notes): \u067e\u0633 \u0627\u0632 \u0686\u0646\u062f \u062f\u0642\u06cc\u0642\u0647\u060c \u062f\u0631\u0648\u0627\u0632\u0647\u200c\u0647\u0627\u06cc \u0628\u0627\u063a\u06cc \u0633\u0631\u0633\u0628\u0632 \u0648 \u06af\u0644\u200c\u0622\u0631\u0627\u0633\u062a\u0647 \u0628\u0627\u0632 \u0645\u06cc\u200c\u0634\u0648\u062f. \u0642\u0644\u0628 Tr\u00e9sor En Or\u060c \u06cc\u06a9 \u0628\u0648quet \u0628\u0627\u0634\u06a9\u0648\u0647 \u0648 \u063a\u0646\u06cc \u0627\u0632 \u06af\u0644\u200c\u0647\u0627\u06cc \u06a9\u0644\u0627\u0633\u06cc\u06a9 \u0627\u0633\u062a. \u06af\u0644 \u0631\u0632 \u062f\u0645\u0634\u0642\u06cc (Damask Rose)\u060c \u0645\u0644\u06a9\u0647\u200c\u06cc \u0628\u06cc\u200c\u0686\u0648\u0646 \u0648 \u0686\u0631\u0627\u06cc \u0627\u06cc\u0646 \u0645\u062c\u0645\u0648\u0639\u0647\u060c \u0628\u0627 \u0639\u0637\u0631\u06cc \u0634\u06cc\u0631\u06cc\u0646\u060c \u0631\u0645\u0627\u0646\u062a\u06cc\u06a9 \u0648 \u06a9\u0645\u06cc \u0645\u06cc\u0648\u0647\u200c\u0627\u06cc \u062e\u0648\u062f\u060c \u062d\u0636\u0648\u0631\u06cc \u0642\u062f\u0631\u062a\u0645\u0646\u062f \u062f\u0627\u0631\u062f. \u062f\u0631 \u06a9\u0646\u0627\u0631 \u0622\u0646\u060c \u06cc\u0627\u0633 (Jasmine) \u0628\u0627 \u06af\u0631\u0645\u0627\u06cc \u062d\u06cc\u0648\u0627\u0646\u06cc \u0648 \u0634\u06cc\u0631\u06cc\u0646\u06cc \u0628\u06cc\u200c\u0646\u0638\u06cc\u0631\u0634\u060c \u0628\u0647 \u0631\u0627\u06cc\u062d\u0647 \u0627\u0628\u0639\u0627\u062f \u0632\u0646\u0627\u0646\u0647\u200c\u062a\u0631 \u0648 \u0627\u063a\u0648\u0627\u06af\u0631\u0627\u0646\u0647\u200c\u062a\u0631\u06cc \u0645\u06cc\u200c\u0628\u062e\u0634\u062f. \u0627\u06cc\u0646 \u0642\u0644\u0628 \u06af\u0644\u062f\u0627\u0646\u06cc\u060c \u067e\u06cc\u0648\u0646\u062f\u06cc \u0645\u0633\u062a\u0642\u06cc\u0645 \u0628\u0627 Tr\u00e9sor \u0627\u0635\u0644\u06cc \u062f\u0627\u0631\u062f\u060c \u0627\u0645\u0627 \u062f\u0631 \u0627\u06cc\u0646\u062c\u0627 \u062d\u0633 \u067e\u0648\u062f\u0631\u06cc \u06a9\u0645\u062a\u0631 \u0648 \u062d\u0633 \u062f\u0631\u062e\u0634\u0646\u062f\u06af\u06cc \u0648 \u062a\u0627\u0632\u06af\u06cc \u0628\u06cc\u0634\u062a\u0631 \u0627\u0633\u062a.<\/p>\n<p>* \u0646\u062a\u200c\u0647\u0627\u06cc \u067e\u0627\u06cc\u0627\u0646\u06cc \u0648 \u0645\u0627\u0646\u062f\u06af\u0627\u0631 (Base Notes): \u067e\u0627\u06cc\u0627\u0646\u06cc \u0627\u06cc\u0646 \u0633\u0641\u0631 \u0628\u0648\u06cc\u0627\u06cc\u06cc\u060c \u06af\u0631\u0645\u060c \u0646\u0631\u0645 \u0648 \u0628\u0633\u06cc\u0627\u0631 \u062f\u0644\u0646\u0634\u06cc\u0646 \u0627\u0633\u062a. \u0686\u0648\u0628 \u0633\u0646\u062f\u0644 (Sandalwood) \u0628\u0627 \u0628\u0627\u0641\u062a \u06a9\u0631\u0645\u06cc \u0648 \u0646\u0631\u0645\u0634\u060c \u067e\u0627\u06cc\u0647\u200c\u0627\u06cc \u0622\u0631\u0627\u0645\u0634\u200c\u0628\u062e\u0634 \u0628\u0631\u0627\u06cc \u0639\u0637\u0631 \u0627\u06cc\u062c\u0627\u062f \u0645\u06cc\u200c\u06a9\u0646\u062f. \u0648\u0627\u0646\u06cc\u0644 (Vanilla) \u0648 \u062f\u0627\u0646\u0647\u200c\u06cc \u062a\u0648\u0646\u06a9\u0627 (Tonka Bean) \u0628\u0627 \u0634\u06cc\u0631\u06cc\u0646\u06cc \u062f\u0644\u0686\u0633\u0628 \u0648 \u06af\u0631\u0645\u0627\u06cc \u062e\u0648\u062f\u060c \u062d\u0633\u06cc \u062f\u0644\u067e\u0630\u06cc\u0631 \u0648 \u0622\u063a\u0634\u062a\u0647 \u0628\u0647 \u067e\u0648\u0633\u062a \u0627\u06cc\u062c\u0627\u062f \u0645\u06cc\u200c\u06a9\u0646\u0646\u062f \u06a9\u0647 \u0645\u0627\u0646\u062f\u06af\u0627\u0631\u06cc \u0639\u0637\u0631 \u0631\u0627 \u062a\u0636\u0645\u06cc\u0646 \u0645\u06cc\u200c\u06a9\u0646\u062f. \u0686\u0648\u0628 \u0633\u062f\u0631 (Cedar) \u0646\u06cc\u0632 \u0628\u0627 \u0644\u0645\u0633\u06cc \u0686\u0648\u0628\u06cc \u0648 \u062e\u0634\u06a9\u060c \u0628\u0647 \u0627\u06cc\u0646 \u067e\u0627\u06cc \u0634\u06cc\u0631\u06cc\u0646\u060c \u0633\u0627\u062e\u062a\u0627\u0631\u06cc \u0645\u062f\u0631\u0646 \u0648 \u0634\u06cc\u06a9 \u0645\u06cc\u200c\u0628\u062e\u0634\u062f \u0648 \u0627\u0632 \u0634\u06cc\u0631\u06cc\u0646\u06cc \u0628\u06cc\u0634 \u0627\u0632 \u062d\u062f \u0622\u0646 \u062c\u0644\u0648\u06af\u06cc\u0631\u06cc \u0645\u06cc\u200c\u06a9\u0646\u062f.<\/p>\n<p>\u0639\u0645\u0644\u06a9\u0631\u062f\u060c \u0645\u0648\u0642\u0639\u06cc\u062a \u0627\u0633\u062a\u0641\u0627\u062f\u0647 \u0648 \u0645\u062e\u0627\u0637\u0628 \u0647\u062f\u0641 :<\/p>\n<p>\u0628\u0647 \u0639\u0646\u0648\u0627\u0646 \u06cc\u06a9<br \/>\nEau de Parfum\u060c Tr\u00e9sor En Or<br \/>\n\u0639\u0645\u0644\u06a9\u0631\u062f \u0642\u0627\u0628\u0644 \u0642\u0628\u0648\u0644\u06cc \u062f\u0627\u0631\u062f. \u067e\u062e\u0634 \u0628\u0648\u06cc (Sillage) \u0622\u0646 \u0645\u062a\u0648\u0633\u0637 \u0631\u0648 \u0628\u0647 \u0628\u0627\u0644\u0627 \u0627\u0633\u062a\u060c \u0628\u0647 \u0627\u06cc\u0646 \u0645\u0639\u0646\u06cc \u06a9\u0647 \u0627\u0637\u0631\u0627\u0641\u06cc\u0627\u0646 \u0631\u0627\u06cc\u062d\u0647\u200c\u06cc \u062f\u0644\u0646\u0634\u06cc\u0646 \u0634\u0645\u0627 \u0631\u0627 \u062d\u0633 \u062e\u0648\u0627\u0647\u0646\u062f \u06a9\u0631\u062f \u0627\u0645\u0627 \u0622\u0632\u0627\u0631\u062f\u0647\u0646\u062f\u0647 \u0646\u062e\u0648\u0627\u0647\u062f \u0628\u0648\u062f. \u0645\u0627\u0646\u062f\u06af\u0627\u0631\u06cc (Longevity) \u0622\u0646 \u0646\u06cc\u0632 \u0645\u0639\u0645\u0648\u0644\u0627\u064b \u0628\u06cc\u0646 \u06f6 \u062a\u0627 \u06f8 \u0633\u0627\u0639\u062a \u0631\u0648\u06cc \u067e\u0648\u0633\u062a \u0645\u062a\u063a\u06cc\u0631 \u0627\u0633\u062a \u06a9\u0647 \u0628\u0631\u0627\u06cc \u06cc\u06a9 \u0639\u0637\u0631 \u0645\u062f\u0631\u0646 \u0628\u0627 \u0627\u06cc\u0646 \u0633\u0627\u062e\u062a\u0627\u0631\u060c \u0645\u0646\u0627\u0633\u0628 \u0627\u0633\u062a.<\/p>\n<p>\u0627\u06cc\u0646 \u0639\u0637\u0631 \u0628\u0647 \u0637\u0631\u0632 \u0634\u06af\u0641\u062a\u200c\u0627\u0646\u06af\u06cc\u0632\u06cc \u0647\u0645\u0647\u200c\u06a9\u0627\u0631\u0647 \u0627\u0633\u062a. \u0627\u06af\u0631\u0686\u0647 \u0634\u062e\u0635\u06cc\u062a \u0631\u0645\u0627\u0646\u062a\u06cc\u06a9 \u0622\u0646\u060c \u0622\u0646 \u0631\u0627 \u0628\u0647 \u06af\u0632\u06cc\u0646\u0647\u200c\u0627\u06cc \u0627\u06cc\u062f\u0647\u200c\u0622\u0644 \u0628\u0631\u0627\u06cc \u0642\u0631\u0627\u0631\u0647\u0627\u06cc \u0639\u0627\u0634\u0642\u0627\u0646\u0647 \u0648 \u0645\u0646\u0627\u0633\u0628\u062a\u200c\u0647\u0627\u06cc \u062e\u0627\u0635 \u062a\u0628\u062f\u06cc\u0644 \u0645\u06cc\u200c\u06a9\u0646\u062f\u060c \u0627\u0645\u0627 \u062f\u0631\u062e\u0634\u0634 \u0627\u0648\u0644\u06cc\u0647\u200c\u06cc \u0622\u0646 \u0627\u062c\u0627\u0632\u0647 \u0645\u06cc\u200c\u062f\u0647\u062f \u062f\u0631 \u0637\u0648\u0644 \u0631\u0648\u0632 \u0648 \u062f\u0631 \u0645\u062d\u06cc\u0637\u200c\u0647\u0627\u06cc \u0627\u062c\u062a\u0645\u0627\u0639\u06cc \u0648 \u06a9\u0627\u0631\u06cc \u0646\u06cc\u0632 \u0627\u0633\u062a\u0641\u0627\u062f\u0647 \u0634\u0648\u062f. \u0645\u062e\u0627\u0637\u0628 \u0647\u062f\u0641 \u0627\u06cc\u0646 \u0639\u0637\u0631\u060c \u0632\u0646\u06cc \u0645\u062f\u0631\u0646\u060c \u062e\u0648\u062f\u0622\u06af\u0627\u0647 \u0648 \u062e\u0648\u0634\u200c\u0628\u06cc\u0646 \u0627\u0633\u062a \u06a9\u0647 \u0628\u0647 \u062f\u0646\u0628\u0627\u0644 \u0631\u0627\u06cc\u062d\u0647\u200c\u0627\u06cc \u0627\u0633\u062a \u06a9\u0647 \u0647\u0645 \u0632\u06cc\u0628\u0627 \u0648 \u0632\u0646\u0627\u0646\u0647 \u0628\u0627\u0634\u062f \u0648 \u0647\u0645 \u062d\u0633 \u062e\u0648\u0628 \u0648 \u0627\u0639\u062a\u0645\u0627\u062f \u0628\u0647 \u0646\u0641\u0633 \u0631\u0627 \u0628\u0647 \u0627\u0648 \u0647\u062f\u06cc\u0647 \u062f\u0647\u062f.<\/p>\n<p>\u0646\u062a\u06cc\u062c\u0647\u200c\u06af\u06cc\u0631\u06cc<\/p>\n<p>Lanc\u00f4me Tr\u00e9sor En Or<br \/>\n\u0628\u06cc\u0634 \u0627\u0632 \u06cc\u06a9 \u0639\u0637\u0631 \u062c\u062f\u06cc\u062f\u060c \u06cc\u06a9 \u0628\u06cc\u0627\u0646\u06cc\u0647 \u0627\u0633\u062a. \u0628\u06cc\u0627\u0646\u06cc\u0647\u200c\u0627\u06cc \u06a9\u0647 \u0645\u06cc\u200c\u06af\u0648\u06cc\u062f \u06cc\u06a9 \u06a9\u0644\u0627\u0633\u06cc\u06a9 \u0645\u06cc\u200c\u062a\u0648\u0627\u0646\u062f \u062f\u0648\u0628\u0627\u0631\u0647 \u0628\u062f\u0631\u062e\u0634\u062f \u0648 \u0628\u0631\u0627\u06cc \u0646\u0633\u0644 \u062c\u062f\u06cc\u062f \u0645\u0639\u0646\u0627 \u067e\u06cc\u062f\u0627 \u06a9\u0646\u062f. \u0627\u06cc\u0646 \u0639\u0637\u0631 \u0628\u0627 \u0627\u062d\u062a\u0631\u0627\u0645 \u06a9\u0627\u0645\u0644 \u0628\u0647 \u0645\u06cc\u0631\u0627\u062b Tr\u00e9sor\u060c \u0631\u0648\u062d \u0622\u0646 \u0631\u0627 \u0628\u0627 \u0631\u0648\u062d\u06cc\u0647\u200c\u0627\u06cc \u062e\u0648\u0631\u0634\u06cc\u062f\u06cc\u060c \u067e\u0631\u0627\u0646\u0631\u0698\u06cc \u0648 \u0645\u062f\u0631\u0646 \u062a\u0631\u06a9\u06cc\u0628 \u06a9\u0631\u062f\u0647 \u0627\u0633\u062a. Tr\u00e9sor En Or \u0639\u0637\u0631\u06cc \u0628\u0631\u0627\u06cc \u062c\u0634\u0646 \u06af\u0631\u0641\u062a\u0646 \u0632\u0646\u062f\u06af\u06cc\u060c \u0628\u0631\u0627\u06cc \u062f\u0631 \u0622\u063a\u0648\u0634 \u06a9\u0634\u06cc\u062f\u0646 \u0644\u062d\u0638\u0627\u062a \u0632\u06cc\u0628\u0627 \u0648 \u0628\u0631\u0627\u06cc \u0627\u062d\u0633\u0627\u0633 \u062f\u0631\u062e\u0634\u0634 \u062f\u0631\u0648\u0646\u06cc \u0627\u0633\u062a. \u0627\u06cc\u0646 \u06af\u0646\u062c\u06cc\u0646\u0647\u200c\u06cc \u0637\u0644\u0627\u06cc\u06cc \u0646\u0647 \u062a\u0646\u0647\u0627 \u06cc\u06a9 \u0627\u0641\u0632\u0648\u062f\u0646\u06cc \u0627\u0631\u0632\u0634\u0645\u0646\u062f \u0628\u0647 \u062e\u0627\u0646\u0648\u0627\u062f\u0647\u200c\u06cc Tr\u00e9sor\u060c \u0628\u0644\u06a9\u0647 \u06cc\u06a9 \u0627\u0646\u062a\u062e\u0627\u0628 \u0647\u0648\u0634\u0645\u0646\u062f\u0627\u0646\u0647 \u0628\u0631\u0627\u06cc \u0647\u0631 \u06a9\u0633\u06cc \u0627\u0633\u062a \u06a9\u0647 \u0628\u0647 \u062f\u0646\u0628\u0627\u0644 \u0631\u0627\u06cc\u062d\u0647\u200c\u0627\u06cc \u06af\u0631\u0645\u060c \u06af\u0644\u062f\u0627\u0646\u06cc \u0648 \u0628\u0647 \u0634\u062f\u062a \u0645\u062b\u0628\u062a \u0627\u0633\u062a. Tr\u00e9sor En Or\u060c \u0647\u0645\u0627\u0646\u0637\u0648\u0631 \u06a9\u0647 \u0627\u0632 \u0646\u0627\u0645\u0634 \u067e\u06cc\u062f\u0627\u0633\u062a\u060c \u06cc\u06a9 \u06af\u0646\u062c\u06cc\u0646\u0647 \u0627\u0633\u062a\u061b \u06af\u0646\u062c\u06cc\u0646\u0647\u200c\u0627\u06cc \u0645\u0627\u06cc\u0639 \u06a9\u0647 \u0647\u0631 \u0628\u0627\u0631 \u0627\u0633\u067e\u0631\u06cc \u0645\u06cc\u200c\u0634\u0648\u062f\u060c \u0644\u062d\u0638\u0647\u200c\u0627\u06cc \u0631\u0627 \u0628\u0647 \u0637\u0644\u0627 \u062a\u0628\u062f\u06cc\u0644 \u0645\u06cc\u200c\u06a9\u0646\u062f.<\/p>\n","protected":false},"excerpt":{"rendered":"<p>LANC\u00d4ME TR\u00c9SOR EN OR EAU DE PARFUM &#8211; Eau de Parfum Recensioni Questa \u00e8 la fragranza per momenti preziosi e<\/p>\n","protected":false},"featured_media":25908,"comment_status":"open","ping_status":"closed","template":"","meta":[],"product_brand":[],"product_cat":[122],"product_tag":[],"class_list":{"0":"post-6131","1":"product","2":"type-product","3":"status-publish","4":"has-post-thumbnail","6":"product_cat-122","8":"first","9":"instock","10":"shipping-taxable","11":"product-type-simple"},"_links":{"self":[{"href":"https:\/\/pipesjournal.shop\/it\/wp-json\/wp\/v2\/product\/6131","targetHints":{"allow":["GET"]}}],"collection":[{"href":"https:\/\/pipesjournal.shop\/it\/wp-json\/wp\/v2\/product"}],"about":[{"href":"https:\/\/pipesjournal.shop\/it\/wp-json\/wp\/v2\/types\/product"}],"replies":[{"embeddable":true,"href":"https:\/\/pipesjournal.shop\/it\/wp-json\/wp\/v2\/comments?post=6131"}],"version-history":[{"count":2,"href":"https:\/\/pipesjournal.shop\/it\/wp-json\/wp\/v2\/product\/6131\/revisions"}],"predecessor-version":[{"id":40141,"href":"https:\/\/pipesjournal.shop\/it\/wp-json\/wp\/v2\/product\/6131\/revisions\/40141"}],"wp:featuredmedia":[{"embeddable":true,"href":"https:\/\/pipesjournal.shop\/it\/wp-json\/wp\/v2\/media\/25908"}],"wp:attachment":[{"href":"https:\/\/pipesjournal.shop\/it\/wp-json\/wp\/v2\/media?parent=6131"}],"wp:term":[{"taxonomy":"product_brand","embeddable":true,"href":"https:\/\/pipesjournal.shop\/it\/wp-json\/wp\/v2\/product_brand?post=6131"},{"taxonomy":"product_cat","embeddable":true,"href":"https:\/\/pipesjournal.shop\/it\/wp-json\/wp\/v2\/product_cat?post=6131"},{"taxonomy":"product_tag","embeddable":true,"href":"https:\/\/pipesjournal.shop\/it\/wp-json\/wp\/v2\/product_tag?post=6131"}],"curies":[{"name":"wp","href":"https:\/\/api.w.org\/{rel}","templated":true}]}}