{"id":26825,"date":"2024-06-24T15:26:42","date_gmt":"2024-06-24T15:26:42","guid":{"rendered":"https:\/\/pipesjournal.shop\/?post_type=product&#038;p=26825"},"modified":"2026-02-18T15:38:34","modified_gmt":"2026-02-18T16:38:34","slug":"%da%a9%d8%a7%d8%aa%d8%b1-%d9%85%d8%ae%d8%b5%d9%88%d8%b5-%d8%b3%db%8c%da%af%d8%a7%d8%b1%d8%a8%d8%b1%da%af","status":"publish","type":"product","link":"https:\/\/pipesjournal.shop\/it\/product\/%da%a9%d8%a7%d8%aa%d8%b1-%d9%85%d8%ae%d8%b5%d9%88%d8%b5-%d8%b3%db%8c%da%af%d8%a7%d8%b1%d8%a8%d8%b1%da%af\/","title":{"rendered":"\u06a9\u0627\u062a\u0631 \u0645\u062e\u0635\u0648\u0635 \u0633\u06cc\u06af\u0627\u0631\u0628\u0631\u06af"},"content":{"rendered":"<p>\u06a9\u0627\u062a\u0631 \u0645\u062e\u0635\u0648\u0635 \u0633\u06cc\u06af\u0627\u0631\u0628\u0631\u06af<br \/>\n\u06a9\u0627\u062a\u0631 \u067e\u06cc\u0631\u06a9\u0627\u0631\u062f\u0646<br \/>\n\u06a9\u0627\u062a\u0631 \u0633\u06cc\u06af\u0627\u0631 \u0628\u0631\u06af \u067e\u06cc\u0631\u06a9\u0627\u0631\u062f\u06cc\u0646<br \/>\nPierre Cardin<br \/>\nparis<br \/>\nCigar cutter<br \/>\n\ud83d\udc4d<br \/>\n\u06a9\u0627\u062a\u0631 \u0633\u06cc\u06af\u0627\u0631 \u0628\u0631\u06af<br \/>\n\u06a9\u0627\u062a\u0631 \u062f\u0648 \u062a\u06cc\u063a\u0647 \u0633\u06cc\u06af\u0627\u0631\u0628\u0631\u06af<br \/>\n\ud83c\uddeb\ud83c\uddf7<br \/>\n\u2022 WARNUNG: VON KINDERN FERNHALTEN.<br \/>\n\u2022 Beim Z\u00fcnden von Gesicht und Kleidung fernhalten.<br \/>\n\u2022 Enth\u00e4lt entz\u00fcndbares Gas unter Druck.<br \/>\n\u2022 Nicht einer Erw\u00e4rmung \u00fcber 50\u00b0C oder l\u00e4ngerer Sonneneinstrahlung aussetzen.<br \/>\n\u2022 Niemals einstechen oder ins Feuer legen.<br \/>\n\u2022 Vergewissern Sie sich nach dem Gebrauch, dass die Flamme vollst\u00e4ndig erloschen ist.<br \/>\n\u2022 f\u00fcr Steinfeuerzeuge: Dieses Feuerzeug ist nicht selbstl\u00f6schend. Zum L\u00f6schen der Flamme schlie\u00dfen<br \/>\nSie bitte die Abdeckung\/Kappe.<br \/>\n\u2022 f\u00fcr Jet-\/Turbofeuerzeuge: \u00dcber der sichtbaren Flamme ist extreme Hitze vorhanden. Besondere<br \/>\nVorsicht ist notwendig, um Verbrennungen oder Feuergefahren vorzubeugen. Die Flamme nicht l\u00e4nger als 10 Sekunden brennen lassen.<br \/>\n\u06a9\u0627\u062a\u0631 \u0633\u06cc\u06af\u0627\u0631<\/p>\n","protected":false},"excerpt":{"rendered":"<p>\u06a9\u0627\u062a\u0631 \u0645\u062e\u0635\u0648\u0635 \u0633\u06cc\u06af\u0627\u0631\u0628\u0631\u06af \u06a9\u0627\u062a\u0631 \u067e\u06cc\u0631\u06a9\u0627\u0631\u062f\u0646 \u06a9\u0627\u062a\u0631 \u0633\u06cc\u06af\u0627\u0631 \u0628\u0631\u06af \u067e\u06cc\u0631\u06a9\u0627\u0631\u062f\u06cc\u0646 Pierre Cardin paris Cigar cutter \ud83d\udc4d \u06a9\u0627\u062a\u0631 \u0633\u06cc\u06af\u0627\u0631 \u0628\u0631\u06af \u06a9\u0627\u062a\u0631 \u062f\u0648<\/p>\n","protected":false},"featured_media":14439,"comment_status":"open","ping_status":"closed","template":"","meta":[],"product_brand":[],"product_cat":[168,170],"product_tag":[382],"class_list":{"0":"post-26825","1":"product","2":"type-product","3":"status-publish","4":"has-post-thumbnail","6":"product_cat-168","7":"product_cat-170","8":"product_tag-382","10":"first","11":"instock","12":"shipping-taxable","13":"purchasable","14":"product-type-simple"},"_links":{"self":[{"href":"https:\/\/pipesjournal.shop\/it\/wp-json\/wp\/v2\/product\/26825","targetHints":{"allow":["GET"]}}],"collection":[{"href":"https:\/\/pipesjournal.shop\/it\/wp-json\/wp\/v2\/product"}],"about":[{"href":"https:\/\/pipesjournal.shop\/it\/wp-json\/wp\/v2\/types\/product"}],"replies":[{"embeddable":true,"href":"https:\/\/pipesjournal.shop\/it\/wp-json\/wp\/v2\/comments?post=26825"}],"version-history":[{"count":1,"href":"https:\/\/pipesjournal.shop\/it\/wp-json\/wp\/v2\/product\/26825\/revisions"}],"predecessor-version":[{"id":26826,"href":"https:\/\/pipesjournal.shop\/it\/wp-json\/wp\/v2\/product\/26825\/revisions\/26826"}],"wp:featuredmedia":[{"embeddable":true,"href":"https:\/\/pipesjournal.shop\/it\/wp-json\/wp\/v2\/media\/14439"}],"wp:attachment":[{"href":"https:\/\/pipesjournal.shop\/it\/wp-json\/wp\/v2\/media?parent=26825"}],"wp:term":[{"taxonomy":"product_brand","embeddable":true,"href":"https:\/\/pipesjournal.shop\/it\/wp-json\/wp\/v2\/product_brand?post=26825"},{"taxonomy":"product_cat","embeddable":true,"href":"https:\/\/pipesjournal.shop\/it\/wp-json\/wp\/v2\/product_cat?post=26825"},{"taxonomy":"product_tag","embeddable":true,"href":"https:\/\/pipesjournal.shop\/it\/wp-json\/wp\/v2\/product_tag?post=26825"}],"curies":[{"name":"wp","href":"https:\/\/api.w.org\/{rel}","templated":true}]}}