{"id":18529,"date":"2025-01-17T18:09:46","date_gmt":"2025-01-17T19:09:46","guid":{"rendered":"https:\/\/pipesjournal.shop\/?post_type=product&#038;p=18529"},"modified":"2025-06-09T13:37:13","modified_gmt":"2025-06-09T13:37:13","slug":"%da%a9%d8%a8%d8%b1%db%8c%d8%aa-%d9%be%db%8c%d9%be-%d8%a8%d9%84%d9%86%d8%af-%d8%a8%d8%a7-%d8%a8%d8%b1%d9%86%d8%af-cigar-world","status":"publish","type":"product","link":"https:\/\/pipesjournal.shop\/it\/product\/%da%a9%d8%a8%d8%b1%db%8c%d8%aa-%d9%be%db%8c%d9%be-%d8%a8%d9%84%d9%86%d8%af-%d8%a8%d8%a7-%d8%a8%d8%b1%d9%86%d8%af-cigar-world\/","title":{"rendered":"\u06a9\u0628\u0631\u06cc\u062a \u067e\u06cc\u067e \u0628\u0644\u0646\u062f \u0628\u0627 \u0628\u0631\u0646\u062f cigar world"},"content":{"rendered":"<p>\u06a9\u0628\u0631\u06cc\u062a \u067e\u06cc\u067e<br \/>\nCIGARWORLD PIPES PFEIFENSTREICHH\u00d6LZER<br \/>\n\u06a9\u0628\u0631\u06cc\u062a \u067e\u06cc\u067e \u0628\u0644\u0646\u062f \u0628\u0627 \u0628\u0631\u0646\u062f cigar world<br \/>\n\ud83d\udd25\ud83d\udd25<br \/>\nDie Zeiten, da wir Sie mit namenlosen, unpers\u00f6nlichen Z\u00fcndh\u00f6lzern beliefern mussten, sind endlich vorbei! Denn wir haben den weltweitbesten Hersteller f\u00fcr Pfeifenstreichh\u00f6lzer dazu bewegen k\u00f6nnen, unsere eigene Variante zu produzieren.<br \/>\nSchwedische Qualit\u00e4tsprodukte<br \/>\nSehr z\u00fcndsicher, genau \u201edie richtige\u201c L\u00e4nge (n\u00e4mlich etwas l\u00e4nger als gew\u00f6hnliche Z\u00fcndh\u00f6lzer)\u00a0&#8211;\u00a0und mit \u201eCigarworld Pipes\u201c-Logo. Hervorragende Qualit\u00e4t aus Schweden, und kein Import aus Fernost.\u00a0Zudem enorm preiswert.<br \/>\nF\u00fcr Zigarrenliebhaber bieten wir ebenso passende,<br \/>\nlangstielige Streichh\u00f6lzer<br \/>\nmit Cigarworld-Logo an.<\/p>\n<p>\u062a\u0635\u0648\u06cc\u0631 \u067e\u0634\u062a \u0648 \u0631\u0648\u06cc \u06a9\u0628\u0631\u06cc\u062a<\/p>\n<p>\u06cc\u06a9 \u0628\u0633\u062a\u0647 \u06a9\u0628\u0631\u06cc\u062a \u067e\u06cc\u067e<\/p>\n<p>&nbsp;<\/p>\n","protected":false},"excerpt":{"rendered":"<p>\u06a9\u0628\u0631\u06cc\u062a \u067e\u06cc\u067e CIGARWORLD PIPES PFEIFENSTREICHH\u00d6LZER \u06a9\u0628\u0631\u06cc\u062a \u067e\u06cc\u067e \u0628\u0644\u0646\u062f \u0628\u0627 \u0628\u0631\u0646\u062f cigar world \ud83d\udd25\ud83d\udd25 Die Zeiten, da wir Sie mit namenlosen,<\/p>\n","protected":false},"featured_media":19020,"comment_status":"open","ping_status":"closed","template":"","meta":[],"product_brand":[],"product_cat":[122,165],"product_tag":[],"class_list":{"0":"post-18529","1":"product","2":"type-product","3":"status-publish","4":"has-post-thumbnail","6":"product_cat-122","7":"product_cat-165","9":"first","10":"instock","11":"shipping-taxable","12":"product-type-simple"},"_links":{"self":[{"href":"https:\/\/pipesjournal.shop\/it\/wp-json\/wp\/v2\/product\/18529","targetHints":{"allow":["GET"]}}],"collection":[{"href":"https:\/\/pipesjournal.shop\/it\/wp-json\/wp\/v2\/product"}],"about":[{"href":"https:\/\/pipesjournal.shop\/it\/wp-json\/wp\/v2\/types\/product"}],"replies":[{"embeddable":true,"href":"https:\/\/pipesjournal.shop\/it\/wp-json\/wp\/v2\/comments?post=18529"}],"version-history":[{"count":3,"href":"https:\/\/pipesjournal.shop\/it\/wp-json\/wp\/v2\/product\/18529\/revisions"}],"predecessor-version":[{"id":32455,"href":"https:\/\/pipesjournal.shop\/it\/wp-json\/wp\/v2\/product\/18529\/revisions\/32455"}],"wp:featuredmedia":[{"embeddable":true,"href":"https:\/\/pipesjournal.shop\/it\/wp-json\/wp\/v2\/media\/19020"}],"wp:attachment":[{"href":"https:\/\/pipesjournal.shop\/it\/wp-json\/wp\/v2\/media?parent=18529"}],"wp:term":[{"taxonomy":"product_brand","embeddable":true,"href":"https:\/\/pipesjournal.shop\/it\/wp-json\/wp\/v2\/product_brand?post=18529"},{"taxonomy":"product_cat","embeddable":true,"href":"https:\/\/pipesjournal.shop\/it\/wp-json\/wp\/v2\/product_cat?post=18529"},{"taxonomy":"product_tag","embeddable":true,"href":"https:\/\/pipesjournal.shop\/it\/wp-json\/wp\/v2\/product_tag?post=18529"}],"curies":[{"name":"wp","href":"https:\/\/api.w.org\/{rel}","templated":true}]}}