{"id":17229,"date":"2025-01-04T17:05:46","date_gmt":"2025-01-04T18:05:46","guid":{"rendered":"https:\/\/pipesjournal.shop\/?post_type=product&#038;p=17229"},"modified":"2025-06-09T12:32:53","modified_gmt":"2025-06-09T12:32:53","slug":"%da%a9%d8%a7%d8%ba%d8%b0-%d8%aa%d9%86%d8%a8%d8%a7%da%a9%d9%88-%d8%ac%d9%87%d8%aa-%d9%85%d8%b5%d8%b1%d9%81-%d8%af%d8%b1-%d9%be%db%8c%d9%be","status":"publish","type":"product","link":"https:\/\/pipesjournal.shop\/it\/product\/%da%a9%d8%a7%d8%ba%d8%b0-%d8%aa%d9%86%d8%a8%d8%a7%da%a9%d9%88-%d8%ac%d9%87%d8%aa-%d9%85%d8%b5%d8%b1%d9%81-%d8%af%d8%b1-%d9%be%db%8c%d9%be\/","title":{"rendered":"\u06a9\u0627\u063a\u0630 \u062a\u0646\u0628\u0627\u06a9\u0648 \u062c\u0647\u062a \u0645\u0635\u0631\u0641 \u062f\u0631 \u067e\u06cc\u067e"},"content":{"rendered":"<p>\u06a9\u0627\u063a\u0630 \u062a\u0646\u0628\u0627\u06a9\u0648 \u062c\u0647\u062a \u0645\u0635\u0631\u0641 \u062f\u0631 \u067e\u06cc\u067e !<\/p>\n<p>\u0645\u0639\u0631\u0641\u06cc \u0628\u0631\u0627\u06cc \u0627\u0648\u0644\u06cc\u0646 \u0628\u0627\u0631 \u062f\u0631 \u0627\u06cc\u0631\u0627\u0646 \u0645\u062b\u0644 \u0647\u0645\u06cc\u0634\u0647 \u062a\u0648\u0633\u0637 \u0645\u0627\u0633\u062a\u0631\u0648 \u0631\u062d\u06cc\u0645\u06cc<\/p>\n<p>\u06a9\u0627\u063a\u0630 \u062a\u0646\u0628\u0627\u06a9\u0648 \u0631\u0648\u0634 \u0648 \u062a\u06a9\u0646\u06cc\u06a9 \u062c\u062f\u06cc\u062f\u06cc \u0628\u0631\u0627\u06cc \u0627\u0633\u0645\u0648\u06a9 \u067e\u06cc\u067e \u0627\u0631\u0627\u0626\u0647 \u0645\u06cc \u062f\u0647\u062f \u06a9\u0647 \u0627\u0645\u06a9\u0627\u0646 \u0627\u06cc\u062c\u0627\u062f \u0628\u0648\u06cc \u0646\u0627\u0645\u0637\u0628\u0648\u0639 \u0628\u0647 \u062f\u0644\u06cc\u0644 \u0631\u0633\u0648\u0628\u0627\u062a \u062a\u0646\u0628\u0627\u06a9\u0648 \u062f\u0631 \u062f\u0627\u062e\u0644 \u06a9\u0627\u0633\u0647 \u067e\u06cc\u067e \u0631\u0627 \u0627\u0632 \u0628\u06cc\u0646 \u0645\u06cc \u0628\u0631\u062f .<\/p>\n<p>\u0631\u0648\u0634 \u0627\u0633\u062a\u0641\u0627\u062f\u0647 \u0637\u0628\u0642 \u0646\u0638\u0631 \u0645\u0627\u0633\u062a\u0631\u0648 \u0631\u062d\u06cc\u0645\u06cc \u0648 \u0627\u0633\u062a\u0627\u062f \u06a9\u0627\u0645\u0631\u0627\u0646 :<\/p>\n<p>\u0646\u0635\u0641 \u0645\u0642\u062f\u0627\u0631 \u0645\u0639\u0645\u0648\u0644 \u062a\u0648\u062a\u0648\u0646 \u0631\u0627 \u0631\u0648\u06cc \u06a9\u0627\u063a\u0630 \u062a\u0646\u0628\u0627\u06a9\u0648 \u0642\u0631\u0627\u0631 \u062f\u0647\u06cc\u062f \u0648 \u0628\u0627 \u0686\u0631\u062e\u0627\u0646\u062f\u0646 \u0627\u0646\u062a\u0647\u0627\u06cc \u06a9\u0627\u063a\u0630 \u06cc\u06a9 \u06a9\u06cc\u0633\u0647 \u062a\u062e\u0645 \u0645\u0631\u063a\u06cc \u0634\u06a9\u0644 \u0628\u0647 \u0634\u06a9\u0644 \u0628\u0642\u0686\u0647 \u060c \u062a\u0634\u06a9\u06cc\u0644 \u062f\u0647\u06cc\u062f . \u0646\u0648\u06a9 \u067e\u06cc\u0686\u06cc\u062f\u0647 \u0634\u062f\u0647 \u0622\u0646 \u0631\u0627 \u0628\u0647 \u0633\u0645\u062a \u067e\u0627\u06cc\u06cc\u0646 \u0648 \u062f\u0627\u062e\u0644 \u0627\u062a\u0634\u06af\u0627\u0647 \u067e\u06cc\u067e \u0628\u06af\u0630\u0627\u0631\u06cc\u062f \u0648 \u0631\u0648\u0634\u0646 \u06a9\u0646\u06cc\u062f . \u06a9\u0627\u063a\u0630 \u0627\u0632 \u062a\u062c\u0645\u0639 \u0634\u06cc\u0631\u0647 \u062a\u0648\u062a\u0648\u0646 \u062f\u0631 \u06a9\u0627\u0633\u0647 \u067e\u06cc\u067e \u062c\u0644\u0648\u06af\u06cc\u0631\u06cc \u0645\u06cc \u06a9\u0646\u062f .<\/p>\n<p>\u062a\u062c\u0645\u0639 \u0645\u0627\u06cc\u0639\u06cc \u06a9\u0647 \u0647\u0646\u06af\u0627\u0645 \u0627\u0633\u0645\u0648\u06a9 \u06a9\u0631\u062f\u0646 \u062a\u0646\u0628\u0627\u06a9\u0648 \u062f\u0631 \u062f\u0627\u062e\u0644 \u067e\u06cc\u067e \u0627\u06cc\u062c\u0627\u062f \u0645\u06cc \u0634\u0648\u062f \u060c \u0645\u06cc\u200c\u062a\u0648\u0627\u0646\u062f \u0637\u0639\u0645 \u0646\u0627\u062e\u0648\u0634\u0627\u06cc\u0646\u062f\u06cc \u0628\u0647 \u0627\u0633\u0645\u0648\u06a9 \u0628\u062f\u0647\u062f . \u0627\u0633\u062a\u0641\u0627\u062f\u0647 \u0627\u0632 \u06a9\u0627\u063a\u0630 \u062a\u0648\u062a\u0648\u0646 \u0627\u0632 \u0627\u06cc\u0646 \u0645\u0634\u06a9\u0644 \u062c\u0644\u0648\u06af\u06cc\u0631\u06cc \u0645\u06cc \u06a9\u0646\u062f \u0648 \u067e\u06cc\u067e \u0634\u0645\u0627 \u0631\u0627 \u0628\u0639\u062f \u0627\u0632 \u0627\u0633\u0645\u0648\u06a9 \u062a\u0645\u06cc\u0632 \u0646\u06af\u0647 \u0645\u06cc \u062f\u0627\u0631\u062f .<\/p>\n<p>Pfeifenbl\u00e4tter 50 St\u00fcck Pfeifenpapier f\u00fcr den perfekten Rauchgenuss<\/p>\n<p>\u06cc\u06a9 \u0628\u0633\u062a\u0647 \u06f5\u06f0 \u0639\u062f\u062f\u06cc \u06a9\u0627\u063a\u0630 \u062a\u0646\u0628\u0627\u06a9\u0648 \u062c\u0647\u062a \u0645\u0635\u0631\u0641 \u062f\u0631 \u067e\u06cc\u067e<\/p>\n","protected":false},"excerpt":{"rendered":"<p>\u06a9\u0627\u063a\u0630 \u062a\u0646\u0628\u0627\u06a9\u0648 \u062c\u0647\u062a \u0645\u0635\u0631\u0641 \u062f\u0631 \u067e\u06cc\u067e ! \u0645\u0639\u0631\u0641\u06cc \u0628\u0631\u0627\u06cc \u0627\u0648\u0644\u06cc\u0646 \u0628\u0627\u0631 \u062f\u0631 \u0627\u06cc\u0631\u0627\u0646 \u0645\u062b\u0644 \u0647\u0645\u06cc\u0634\u0647 \u062a\u0648\u0633\u0637 \u0645\u0627\u0633\u062a\u0631\u0648 \u0631\u062d\u06cc\u0645\u06cc \u06a9\u0627\u063a\u0630 \u062a\u0646\u0628\u0627\u06a9\u0648<\/p>\n","protected":false},"featured_media":18744,"comment_status":"open","ping_status":"closed","template":"","meta":[],"product_brand":[],"product_cat":[109,122,158],"product_tag":[],"class_list":{"0":"post-17229","1":"product","2":"type-product","3":"status-publish","4":"has-post-thumbnail","6":"product_cat-109","7":"product_cat-122","8":"product_cat-158","10":"first","11":"instock","12":"purchasable","13":"product-type-simple"},"_links":{"self":[{"href":"https:\/\/pipesjournal.shop\/it\/wp-json\/wp\/v2\/product\/17229","targetHints":{"allow":["GET"]}}],"collection":[{"href":"https:\/\/pipesjournal.shop\/it\/wp-json\/wp\/v2\/product"}],"about":[{"href":"https:\/\/pipesjournal.shop\/it\/wp-json\/wp\/v2\/types\/product"}],"replies":[{"embeddable":true,"href":"https:\/\/pipesjournal.shop\/it\/wp-json\/wp\/v2\/comments?post=17229"}],"version-history":[{"count":2,"href":"https:\/\/pipesjournal.shop\/it\/wp-json\/wp\/v2\/product\/17229\/revisions"}],"predecessor-version":[{"id":28148,"href":"https:\/\/pipesjournal.shop\/it\/wp-json\/wp\/v2\/product\/17229\/revisions\/28148"}],"wp:featuredmedia":[{"embeddable":true,"href":"https:\/\/pipesjournal.shop\/it\/wp-json\/wp\/v2\/media\/18744"}],"wp:attachment":[{"href":"https:\/\/pipesjournal.shop\/it\/wp-json\/wp\/v2\/media?parent=17229"}],"wp:term":[{"taxonomy":"product_brand","embeddable":true,"href":"https:\/\/pipesjournal.shop\/it\/wp-json\/wp\/v2\/product_brand?post=17229"},{"taxonomy":"product_cat","embeddable":true,"href":"https:\/\/pipesjournal.shop\/it\/wp-json\/wp\/v2\/product_cat?post=17229"},{"taxonomy":"product_tag","embeddable":true,"href":"https:\/\/pipesjournal.shop\/it\/wp-json\/wp\/v2\/product_tag?post=17229"}],"curies":[{"name":"wp","href":"https:\/\/api.w.org\/{rel}","templated":true}]}}