{"id":31193,"date":"2024-06-24T15:30:15","date_gmt":"2024-06-24T15:30:15","guid":{"rendered":"https:\/\/pipesjournal.shop\/product\/cigar-cutter-3\/"},"modified":"2025-05-27T17:49:25","modified_gmt":"2025-05-27T17:49:25","slug":"cigar-cutter-3","status":"publish","type":"product","link":"https:\/\/pipesjournal.shop\/en\/product\/cigar-cutter-3\/","title":{"rendered":"Cigar cutter"},"content":{"rendered":"<p>Cigar cutter<br \/>\nPierre Carden&#8217;s cutter<br \/>\nPierrecardin cigar cutter<br \/>\nPierre Cardin<br \/>\nParis<br \/>\nCigar cutter<br \/>\n\ud83d\udc4d<br \/>\ncigar cutter<br \/>\nCigar cutter with two blades<br \/>\n\ud83c\uddeb\ud83c\uddf7<br \/>\n\u2022 WARNUNG: VON KINDERN FERNHALTEN.<br \/>\n\u2022 Beim Z\u00fcnden von Gesicht und Kleidung fernhalten.<br \/>\n\u2022 Enth\u00e4lt entz\u00fcndbares Gas unter Druck.<br \/>\n\u2022 Nicht einer Erw\u00e4rmung \u00fcber 50\u00b0C oder l\u00e4ngerer Sonneinstrahlung aussetzen.<br \/>\n\u2022 Niemals einstechen oder ins Feuer legen.<br \/>\n\u2022 Vergewissern Sie sich nach dem Gebrauch, that the flame is completely extinguished.<br \/>\n\u2022 f\u00fcr Steinfeuerzeug: Dieses Feuerzeug ist nicht selbstl\u00f6schend. Zum L\u00f6schen der Flamme schlie\u00dfen<br \/>\nSie bitte die Abdeckung\/Kappe.<br \/>\n\u2022 f\u00fcr Jet-\/Turbofeuerzeuge: \u00dcber der visible Flamme ist extreme Heatze vorhanden. special<br \/>\nVorsicht ist notwendig, um Verbrennungen oder Feuergefahren vorzubeugen. Die Flamme nicht l\u00e4nger als 10 Sekunden lassen brennen.<\/p>\n","protected":false},"excerpt":{"rendered":"<p>Cigar cutter<\/p>\n","protected":false},"featured_media":14444,"comment_status":"open","ping_status":"closed","template":"","meta":[],"product_brand":[],"product_cat":[1099,1127],"product_tag":[1473],"class_list":{"0":"post-31193","1":"product","2":"type-product","3":"status-publish","4":"has-post-thumbnail","6":"product_cat-cigar-accessories","7":"product_cat-cutter","8":"product_tag-cigar-cutter","10":"first","11":"instock","12":"shipping-taxable","13":"purchasable","14":"product-type-simple"},"_links":{"self":[{"href":"https:\/\/pipesjournal.shop\/en\/wp-json\/wp\/v2\/product\/31193","targetHints":{"allow":["GET"]}}],"collection":[{"href":"https:\/\/pipesjournal.shop\/en\/wp-json\/wp\/v2\/product"}],"about":[{"href":"https:\/\/pipesjournal.shop\/en\/wp-json\/wp\/v2\/types\/product"}],"replies":[{"embeddable":true,"href":"https:\/\/pipesjournal.shop\/en\/wp-json\/wp\/v2\/comments?post=31193"}],"version-history":[{"count":1,"href":"https:\/\/pipesjournal.shop\/en\/wp-json\/wp\/v2\/product\/31193\/revisions"}],"predecessor-version":[{"id":31266,"href":"https:\/\/pipesjournal.shop\/en\/wp-json\/wp\/v2\/product\/31193\/revisions\/31266"}],"wp:featuredmedia":[{"embeddable":true,"href":"https:\/\/pipesjournal.shop\/en\/wp-json\/wp\/v2\/media\/14444"}],"wp:attachment":[{"href":"https:\/\/pipesjournal.shop\/en\/wp-json\/wp\/v2\/media?parent=31193"}],"wp:term":[{"taxonomy":"product_brand","embeddable":true,"href":"https:\/\/pipesjournal.shop\/en\/wp-json\/wp\/v2\/product_brand?post=31193"},{"taxonomy":"product_cat","embeddable":true,"href":"https:\/\/pipesjournal.shop\/en\/wp-json\/wp\/v2\/product_cat?post=31193"},{"taxonomy":"product_tag","embeddable":true,"href":"https:\/\/pipesjournal.shop\/en\/wp-json\/wp\/v2\/product_tag?post=31193"}],"curies":[{"name":"wp","href":"https:\/\/api.w.org\/{rel}","templated":true}]}}