{"id":27621,"date":"2024-12-23T15:07:46","date_gmt":"2024-12-23T16:07:46","guid":{"rendered":"https:\/\/pipesjournal.shop\/?post_type=product&#038;p=27621"},"modified":"2026-02-03T20:00:10","modified_gmt":"2026-02-03T21:00:10","slug":"%d8%ac%d8%a7%d8%b1-%d8%aa%d8%ae%d8%b5%d8%b5%db%8c-%d9%86%da%af%d9%87%d8%af%d8%a7%d8%b1%db%8c-%d8%a8%d9%84%d9%86%d8%af-%d9%85%d8%af%d8%aa-%d9%88-%da%a9%d9%87%d9%86%d9%87-%da%a9%d8%b1%d8%af%d9%86-%d8%aa","status":"publish","type":"product","link":"https:\/\/pipesjournal.shop\/ar\/product\/%d8%ac%d8%a7%d8%b1-%d8%aa%d8%ae%d8%b5%d8%b5%db%8c-%d9%86%da%af%d9%87%d8%af%d8%a7%d8%b1%db%8c-%d8%a8%d9%84%d9%86%d8%af-%d9%85%d8%af%d8%aa-%d9%88-%da%a9%d9%87%d9%86%d9%87-%da%a9%d8%b1%d8%af%d9%86-%d8%aa\/","title":{"rendered":"\u062c\u0627\u0631 \u062a\u062e\u0635\u0635\u06cc \u0646\u06af\u0647\u062f\u0627\u0631\u06cc \u0628\u0644\u0646\u062f \u0645\u062f\u062a \u0648 \u06a9\u0647\u0646\u0647 \u06a9\u0631\u062f\u0646 \u062a\u0648\u062a\u0648\u0646"},"content":{"rendered":"<p>\u26b1\ufe0f\u062c\u0627\u0631 \u062a\u062e\u0635\u0635\u06cc \u0646\u06af\u0647\u062f\u0627\u0631\u06cc \u0628\u0644\u0646\u062f \u0645\u062f\u062a \u0648 \u06a9\u0647\u0646\u0647 \u06a9\u0631\u062f\u0646 \u062a\u0648\u062a\u0648\u0646<br \/>\nTobacco Jar \ud83c\udffa<br \/>\n\u062c\u0627\u0631 \u062a\u0648\u062a\u0648\u0646<br \/>\n\u0628\u0627 \u0642\u0627\u0628\u0644\u06cc\u062a \u0645\u0627\u0646\u062f\u06af\u0627\u0631\u06cc \u062f\u0648\u0628\u0631\u0627\u0628\u0631<br \/>\n\u0628\u06cc\u0634\u062a\u0631 \u0627\u0632 \u0638\u0631\u0648\u0641 \u062f\u06cc\u06af\u0631<br \/>\n\u0648\u064a\u0698\u0647 \u062a\u0648\u062a\u0648\u0646 \u067e\u06cc\u067e<\/p>\n<p>\u062c\u0627\u0631 \u062a\u0648\u062a\u0648\u0646 \u0628\u0627 \u067e\u0648\u0634\u0634 \u0686\u0631\u0645 \u0637\u0628\u064a\u0639\u064a<\/p>\n<p>\u062c\u0627\u0631 \u062a\u0648\u062a\u0648\u0646<br \/>\n\u062c\u0627\u0631 \u062a\u0648\u062a\u0648\u0646 \u0645\u0627\u0633\u062a\u0631\u0648 \u0631\u062d\u06cc\u0645\u06cc<br \/>\n\u062c\u0627\u0631 \u062a\u062e\u0635\u0635\u06cc \u062a\u0648\u062a\u0648\u0646<\/p>\n<p>\u062c\u0627\u0631 \u0628\u0627 \u062f\u0631\u0628 \u062f\u0648 \u062a\u06a9\u0647 \u0627\u0633\u062a\u0646\u0644\u0633 \u0627\u0633\u062a\u06cc\u0644<\/p>\n<p>\u0633\u0641\u0627\u0631\u0634 \u0627\u0646\u062d\u0635\u0627\u0631\u06cc \u067e\u0627\u0633\u0627\u0631\u06af\u0627\u062f\u062a\u0627\u0628\u0627\u06a9<br \/>\n125 ml<br \/>\n\u062c\u0627\u0631 \u0627\u06cc\u062a\u0627\u0644\u06cc\u0627\u06cc\u06cc \u0628\u0627 \u067e\u0648\u0634\u0634 \u0686\u0631\u0645 \u0637\u0628\u06cc\u0639\u06cc \u062f\u0633\u062a \u062f\u0648\u0632<br \/>\nOrder from Italy \ud83c\uddee\ud83c\uddf9<br \/>\nMarchio : ComSaf<br \/>\nColore : Trasparente, Argento<br \/>\nMateriale: Vetro<br \/>\nCaratteristica del materiale<br \/>\nGrado alimentare<br \/>\nCapacit\u00e0<br \/>\n125 Millilitri<br \/>\nDimensioni del prodotto<br \/>\n6,5L x 17,5l x 6H cm<br \/>\nVetro di alta qualit\u00e0: realizzato in vetro trasparente che consente di vedere cosa c&#8217;\u00e8 dentro e monitorare se il cibo \u00e8 rovinato all&#8217;interno.<br \/>\nEccellenti prestazioni di tenuta: il coperchio in acciaio argentato ben sigillato mantiene l&#8217;aria e l&#8217;umidit\u00e0 fuori<\/p>\n<p>\ud83d\udc69<br \/>\n\u062a\u0639\u062f\u0627\u062f \u0645\u062d\u062f\u0648\u062f \u0648 \u0641\u0642\u0637 \u062f\u0631 \u0635\u0648\u0631\u062a \u062e\u0631\u06cc\u062f \u062f\u06cc\u06af\u0631 \u0645\u062d\u0635\u0648\u0644\u0627\u062a \u0633\u0627\u06cc\u062a \u0641\u0631\u0648\u062e\u062a\u0647 \u0645\u06cc \u0634\u0648\u062f \u0628\u0647 \u062a\u0646\u0647\u0627\u06cc\u06cc \u0641\u0631\u0648\u062e\u062a\u0647 \u0646\u0645\u06cc \u0634\u0648\u062f<\/p>\n","protected":false},"excerpt":{"rendered":"<p>\u26b1\ufe0f\u062c\u0627\u0631 \u062a\u062e\u0635\u0635\u06cc \u0646\u06af\u0647\u062f\u0627\u0631\u06cc \u0628\u0644\u0646\u062f \u0645\u062f\u062a \u0648 \u06a9\u0647\u0646\u0647 \u06a9\u0631\u062f\u0646 \u062a\u0648\u062a\u0648\u0646 Tobacco Jar \ud83c\udffa \u062c\u0627\u0631 \u062a\u0648\u062a\u0648\u0646 \u0628\u0627 \u0642\u0627\u0628\u0644\u06cc\u062a \u0645\u0627\u0646\u062f\u06af\u0627\u0631\u06cc \u062f\u0648\u0628\u0631\u0627\u0628\u0631 \u0628\u06cc\u0634\u062a\u0631 \u0627\u0632<\/p>\n","protected":false},"featured_media":17332,"comment_status":"open","ping_status":"closed","template":"","meta":[],"product_brand":[],"product_cat":[109,250],"product_tag":[],"class_list":{"0":"post-27621","1":"product","2":"type-product","3":"status-publish","4":"has-post-thumbnail","6":"product_cat-109","7":"product_cat-250","9":"first","10":"instock","11":"product-type-simple"},"_links":{"self":[{"href":"https:\/\/pipesjournal.shop\/ar\/wp-json\/wp\/v2\/product\/27621","targetHints":{"allow":["GET"]}}],"collection":[{"href":"https:\/\/pipesjournal.shop\/ar\/wp-json\/wp\/v2\/product"}],"about":[{"href":"https:\/\/pipesjournal.shop\/ar\/wp-json\/wp\/v2\/types\/product"}],"replies":[{"embeddable":true,"href":"https:\/\/pipesjournal.shop\/ar\/wp-json\/wp\/v2\/comments?post=27621"}],"version-history":[{"count":1,"href":"https:\/\/pipesjournal.shop\/ar\/wp-json\/wp\/v2\/product\/27621\/revisions"}],"predecessor-version":[{"id":27622,"href":"https:\/\/pipesjournal.shop\/ar\/wp-json\/wp\/v2\/product\/27621\/revisions\/27622"}],"wp:featuredmedia":[{"embeddable":true,"href":"https:\/\/pipesjournal.shop\/ar\/wp-json\/wp\/v2\/media\/17332"}],"wp:attachment":[{"href":"https:\/\/pipesjournal.shop\/ar\/wp-json\/wp\/v2\/media?parent=27621"}],"wp:term":[{"taxonomy":"product_brand","embeddable":true,"href":"https:\/\/pipesjournal.shop\/ar\/wp-json\/wp\/v2\/product_brand?post=27621"},{"taxonomy":"product_cat","embeddable":true,"href":"https:\/\/pipesjournal.shop\/ar\/wp-json\/wp\/v2\/product_cat?post=27621"},{"taxonomy":"product_tag","embeddable":true,"href":"https:\/\/pipesjournal.shop\/ar\/wp-json\/wp\/v2\/product_tag?post=27621"}],"curies":[{"name":"wp","href":"https:\/\/api.w.org\/{rel}","templated":true}]}}